{"id":14,"date":"2023-02-27T13:21:34","date_gmt":"2023-02-27T13:21:34","guid":{"rendered":"https:\/\/notsanforum.de\/?page_id=14"},"modified":"2026-03-10T19:59:59","modified_gmt":"2026-03-10T19:59:59","slug":"homepage","status":"publish","type":"page","link":"https:\/\/notsanforum.de\/","title":{"rendered":"Homepage"},"content":{"rendered":"\n<h2 class=\"wp-block-heading\">Sehr geehrte Damen und Herren,<\/h2>\n\n\n\n<p>wir freuen uns, Sie herzlich zum diesj\u00e4hrigen Sch\u00fcler-Forum der NOBiZ einladen zu d\u00fcrfen. <\/p>\n\n\n\n<p>Die Abstracts sind endlich hier Abrufbar! Auch kann wieder das <a href=\"https:\/\/notsanforum.de\/wp-content\/uploads\/2026\/03\/Book-of-Abstracts-2026.pdf\">&#8222;Book of Abstracts 2026&#8220;<\/a> heruntergeladen werden.<\/p>\n\n\n\n<p><\/p>\n","protected":false},"excerpt":{"rendered":"<p>Sehr geehrte Damen und Herren, wir freuen uns, Sie herzlich zum diesj\u00e4hrigen Sch\u00fcler-Forum der NOBiZ einladen zu d\u00fcrfen. Die Abstracts sind endlich hier Abrufbar! Auch kann wieder das &#8222;Book of Abstracts 2026&#8220; heruntergeladen werden.<\/p>\n","protected":false},"author":1,"featured_media":671,"parent":0,"menu_order":0,"comment_status":"closed","ping_status":"closed","template":"","meta":{"footnotes":""},"class_list":["post-14","page","type-page","status-publish","has-post-thumbnail","hentry"],"_links":{"self":[{"href":"https:\/\/notsanforum.de\/index.php?rest_route=\/wp\/v2\/pages\/14","targetHints":{"allow":["GET"]}}],"collection":[{"href":"https:\/\/notsanforum.de\/index.php?rest_route=\/wp\/v2\/pages"}],"about":[{"href":"https:\/\/notsanforum.de\/index.php?rest_route=\/wp\/v2\/types\/page"}],"author":[{"embeddable":true,"href":"https:\/\/notsanforum.de\/index.php?rest_route=\/wp\/v2\/users\/1"}],"replies":[{"embeddable":true,"href":"https:\/\/notsanforum.de\/index.php?rest_route=%2Fwp%2Fv2%2Fcomments&post=14"}],"version-history":[{"count":12,"href":"https:\/\/notsanforum.de\/index.php?rest_route=\/wp\/v2\/pages\/14\/revisions"}],"predecessor-version":[{"id":859,"href":"https:\/\/notsanforum.de\/index.php?rest_route=\/wp\/v2\/pages\/14\/revisions\/859"}],"wp:featuredmedia":[{"embeddable":true,"href":"https:\/\/notsanforum.de\/index.php?rest_route=\/wp\/v2\/media\/671"}],"wp:attachment":[{"href":"https:\/\/notsanforum.de\/index.php?rest_route=%2Fwp%2Fv2%2Fmedia&parent=14"}],"curies":[{"name":"wp","href":"https:\/\/api.w.org\/{rel}","templated":true}]}}